{"id":19,"date":"2023-03-06T16:13:50","date_gmt":"2023-03-06T15:13:50","guid":{"rendered":"https:\/\/iiclondra.esteri.it\/?page_id=19"},"modified":"2026-03-17T16:07:45","modified_gmt":"2026-03-17T16:07:45","slug":"chi-siamo","status":"publish","type":"page","link":"https:\/\/iiclondra.esteri.it\/it\/chi-siamo\/","title":{"rendered":"Chi siamo"},"content":{"rendered":"<p style=\"text-align: justify;\">L&#8217;<strong>Istituto Italiano di Cultura di Londra<\/strong>, organismo ufficiale dello Stato italiano, ha\u00a0l&#8217;obiettivo\u00a0di <strong>promuovere e diffondere la lingua e la cultura italiana in Inghilterra e Galles<\/strong>\u00a0 attraverso l&#8217;organizzazione di eventi culturali per favorire la circolazione delle idee, delle arti e delle scienze.<\/p>\n<p style=\"text-align: justify;\">L&#8217;\u00a0Istituto, in particolare:<\/p>\n<ul style=\"text-align: justify;\">\n<li>stabilisce contatti con istituzioni, enti e personalit\u00e0 del mondo culturale e scientifico del paese ospitante e favorisce le proposte e i progetti per la conoscenza della cultura e della realt\u00e0 italiane o comunque finalizzate alla collaborazione culturale e scientifica.<\/li>\n<li>fornisce la documentazione e l&#8217;informazione sulla vita culturale italiana e sulle relative istituzioni;<\/li>\n<li>promuove iniziative, manifestazioni culturali e mostre;<\/li>\n<li>sostiene iniziative per lo sviluppo culturale delle comunit\u00e0 italiane all&#8217;estero, per favorire sia la loro integrazione nel paese ospitante che il rapporto culturale con la patria d&#8217;origine;<\/li>\n<li>assicura collaborazione a studiosi e studenti italiani nella loro attivit\u00e0 di ricerca e di studio all&#8217;estero;<\/li>\n<li>promuove e favorisce iniziative per la diffusione della lingua italiana all&#8217;estero, avvalendosi anche della collaborazione dei lettori d&#8217;italiano presso le universit\u00e0 del paese ospitante, e delle universit\u00e0 italiane che svolgono specifiche attivit\u00e0 didattiche e scientifiche connesse con le finalit\u00e0 del presente articolo.<\/li>\n<\/ul>\n<p style=\"text-align: justify;\">\n","protected":false},"excerpt":{"rendered":"L&#8217;Istituto Italiano di Cultura di Londra, organismo ufficiale dello Stato italiano, ha\u00a0l&#8217;obiettivo\u00a0di promuovere e diffondere la lingua e la cultura italiana in Inghilterra e Galles\u00a0 attraverso l&#8217;organizzazione di eventi culturali per favorire la circolazione delle idee, delle arti e delle scienze. L&#8217;\u00a0Istituto, in particolare: stabilisce contatti con istituzioni, enti e personalit\u00e0 del mondo culturale e [&hellip;]","protected":false},"author":3,"featured_media":0,"parent":0,"menu_order":2,"comment_status":"closed","ping_status":"closed","template":"","meta":{"footnotes":""},"class_list":["post-19","page","type-page","status-publish","hentry"],"_links":{"self":[{"href":"https:\/\/iiclondra.esteri.it\/it\/wp-json\/wp\/v2\/pages\/19","targetHints":{"allow":["GET"]}}],"collection":[{"href":"https:\/\/iiclondra.esteri.it\/it\/wp-json\/wp\/v2\/pages"}],"about":[{"href":"https:\/\/iiclondra.esteri.it\/it\/wp-json\/wp\/v2\/types\/page"}],"author":[{"embeddable":true,"href":"https:\/\/iiclondra.esteri.it\/it\/wp-json\/wp\/v2\/users\/3"}],"replies":[{"embeddable":true,"href":"https:\/\/iiclondra.esteri.it\/it\/wp-json\/wp\/v2\/comments?post=19"}],"version-history":[{"count":1,"href":"https:\/\/iiclondra.esteri.it\/it\/wp-json\/wp\/v2\/pages\/19\/revisions"}],"predecessor-version":[{"id":22924,"href":"https:\/\/iiclondra.esteri.it\/it\/wp-json\/wp\/v2\/pages\/19\/revisions\/22924"}],"wp:attachment":[{"href":"https:\/\/iiclondra.esteri.it\/it\/wp-json\/wp\/v2\/media?parent=19"}],"curies":[{"name":"wp","href":"https:\/\/api.w.org\/{rel}","templated":true}]}}