{"id":274,"date":"2023-04-19T12:33:55","date_gmt":"2023-04-19T10:33:55","guid":{"rendered":"https:\/\/iiclondra.esteri.it\/?page_id=274"},"modified":"2024-01-18T17:22:09","modified_gmt":"2024-01-18T16:22:09","slug":"il-circolo-di-lettura","status":"publish","type":"page","link":"https:\/\/iiclondra.esteri.it\/it\/lingua-e-cultura\/biblioteca\/circoli-di-lettura-e-progetti\/il-circolo-di-lettura\/","title":{"rendered":"The Book Club"},"content":{"rendered":"<p><strong>The Book Club 2024.\u00a0<\/strong><strong>I romanzi e i luoghi.<\/strong><\/p>\n<p><strong>In italiano. In presenza presso la Biblioteca E. Montale \/ The Montale Library<\/strong><\/p>\n<p>Nuova serie di appuntamenti con The Book Club per il 2024, in presenza, nella bellissima biblioteca dell\u2019istituto, dedicata a Eugenio Montale.<\/p>\n<p>Il tema di quest\u2019anno e\u2019 \u201cI romanzi e i luoghi\u201d. Come da abitudine, i romanzi che leggeremo sono vari sia per genere che per periodo di pubblicazione. Si va dai classici del \u2018900 a scrittori contemporanei seguendo come filo conduttore il legame forte di ogni libro con un luogo o una citt\u00e0. \u201cI romanzi e i luoghi\u201d \u00e8 ovviamente un tema immenso e con questa scelta si \u00e8 mirato a dare un ventaglio variegato di possibilit\u00e0 con temi, stili e, appunto, ambientazioni che si prestano a rendere vivace la discussione nei nostri incontri.<\/p>\n<p>Come sempre conduce gli incontri<strong>\u00a0Paolo Nelli<\/strong>, insegnante di Lingua e Cultura italiana al King\u2019s College. Residente a Londra da diversi anni, ha pubblicato racconti e romanzi, tra i quali il suo primo\u00a0<em>La fabbrica di paraurti<\/em>\u00a0(1999),\u00a0<em>Golden boot<\/em>\u00a0(2012),\u00a0<em>Trattato di economia affettiva<\/em>\u00a0(2018) e il recente\u00a0<em>Il terzo giorno<\/em>\u00a0(2020, La Nave di Teseo).<\/p>\n<p><strong>Si comincia con\u00a0<em>70 acrilico 30 lana,\u00a0<\/em>mercoledi\u2019 14 febbraio alle 18<em>,\u00a0<\/em>opera prima di Viola di Grado che con una voce gi\u00e0 matura e un\u2019attenta ricerca linguistica, racconta il tentativo della ricostruzione di s\u00e9 di una giovane italiana a Leeds.<em>\u00a0<\/em><\/strong><\/p>\n<p><em>La bella confusione\u00a0<\/em>di Francesco Piccolo (25 marzo) che non \u00e8 romanzo, ma lo si pu\u00f2 leggere come tale, mette in scena la Roma del cinema tra Fellini e Visconti e dar\u00e0 modo di discutere del \u201cperiodo d\u2019oro\u201d del cinema italiano.<\/p>\n<p>Una Roma totalmente diversa ne<em>\u00a0La storia,\u00a0<\/em>di Elsa Morante (24 aprile), un classico del secondo novecento ambientato tra le strade della capitale sotto i bombardamenti e nell\u2019immediato secondo dopoguerra.<\/p>\n<p>In\u00a0<em>Il paese dove non si muore mai<\/em>, di Ornela Vorspi, autrice albanese che ha scritto il romanzo in italiano, quella presentata \u00e8 un\u2019Albania raccontata attraverso vicende personali, una forte tensione stilistiche intrisa di ironia e dolore.<\/p>\n<p><em>Fa troppo freddo per morire<\/em>\u00a0di Christian Fascella \u00e8 un giallo veloce e ironico, scritto con grande abilit\u00e0 letteraria e uno stile scanzonato e ci si muove in una Torino meno riconoscibile.<\/p>\n<p>Con\u00a0<em>Canne al vento<\/em>\u00a0del premio Nobel per la letteratura Grazia Deledda, si ripropone un classico visceralmente legato alla Sardegna.<\/p>\n<p>Con\u00a0<em>Il corpo nero<\/em>, Anna Maria Gehnyei scrive un romanzo basato sulla propria vita di bambina e poi donna, nata e cresciuta a Roma ma non italiana per le istituzioni e, attraverso la propria storia, d\u00e0 voce a un\u2019intera \u201cseconda generazione\u201d di giovani italiani.<\/p>\n<p>Si finir\u00e0 con\u00a0<em>Il treno dei bambini<\/em>\u00a0di Viola Ardone, uno dei casi letterari di questi ultimi anni, dalla povert\u00e0 di Napoli del dopoguerra allo spaesamento di un bambino trapiantato nella pianura padane.<\/p>\n<p style=\"text-align: justify;\"><strong>Per segnalare il vostro interesse nei confronti del nostro Circolo di Lettura, ricevere regolarmente i reminders dei prossimi incontri e per registrare la vostra partecipazione alla discussione contattate la biblioteca:<\/strong><\/p>\n<p style=\"text-align: justify;\"><strong><a href=\"mailto:library.icilondon@esteri.it\">library.icilondon@esteri.it<\/a>\u00a0&#8211; 020 73964425<\/strong><\/p>\n","protected":false},"excerpt":{"rendered":"The Book Club 2024.\u00a0I romanzi e i luoghi. In italiano. In presenza presso la Biblioteca E. Montale \/ The Montale Library Nuova serie di appuntamenti con The Book Club per il 2024, in presenza, nella bellissima biblioteca dell\u2019istituto, dedicata a Eugenio Montale. Il tema di quest\u2019anno e\u2019 \u201cI romanzi e i luoghi\u201d. Come da abitudine, [&hellip;]","protected":false},"author":5,"featured_media":0,"parent":268,"menu_order":2,"comment_status":"closed","ping_status":"closed","template":"","meta":{"footnotes":""},"class_list":["post-274","page","type-page","status-publish","hentry"],"_links":{"self":[{"href":"https:\/\/iiclondra.esteri.it\/it\/wp-json\/wp\/v2\/pages\/274","targetHints":{"allow":["GET"]}}],"collection":[{"href":"https:\/\/iiclondra.esteri.it\/it\/wp-json\/wp\/v2\/pages"}],"about":[{"href":"https:\/\/iiclondra.esteri.it\/it\/wp-json\/wp\/v2\/types\/page"}],"author":[{"embeddable":true,"href":"https:\/\/iiclondra.esteri.it\/it\/wp-json\/wp\/v2\/users\/5"}],"replies":[{"embeddable":true,"href":"https:\/\/iiclondra.esteri.it\/it\/wp-json\/wp\/v2\/comments?post=274"}],"version-history":[{"count":2,"href":"https:\/\/iiclondra.esteri.it\/it\/wp-json\/wp\/v2\/pages\/274\/revisions"}],"predecessor-version":[{"id":3755,"href":"https:\/\/iiclondra.esteri.it\/it\/wp-json\/wp\/v2\/pages\/274\/revisions\/3755"}],"up":[{"embeddable":true,"href":"https:\/\/iiclondra.esteri.it\/it\/wp-json\/wp\/v2\/pages\/268"}],"wp:attachment":[{"href":"https:\/\/iiclondra.esteri.it\/it\/wp-json\/wp\/v2\/media?parent=274"}],"curies":[{"name":"wp","href":"https:\/\/api.w.org\/{rel}","templated":true}]}}