{"id":322,"date":"2023-04-24T11:48:14","date_gmt":"2023-04-24T09:48:14","guid":{"rendered":"https:\/\/iiclondra.esteri.it\/?page_id=322"},"modified":"2023-05-30T18:01:35","modified_gmt":"2023-05-30T16:01:35","slug":"politiche-di-trattamento-dei-dati-personali","status":"publish","type":"page","link":"https:\/\/iiclondra.esteri.it\/it\/amministrazione-trasparente\/politiche-di-trattamento-dei-dati-personali\/","title":{"rendered":"Politiche di trattamento dei dati personali"},"content":{"rendered":"<p style=\"text-align: justify;\"><strong>Politiche di trattamento dei dati personali dell&#8217;Istituto Italiano di Cultura di Londra (IIC) del Ministero degli Affari Esteri e della Cooperazione Internazionale (MAECI)<\/strong><\/p>\n<p style=\"text-align: justify;\"><strong>Generalit\u00e0<\/strong><\/p>\n<p style=\"text-align: justify;\">Il trattamento dei dati personali effettuato dall\u2019IIC, quale Ufficio estero del MAECI, \u00e8 improntato ai principi di liceit\u00e0, correttezza e trasparenza a tutela dei diritti e delle libert\u00e0 fondamentali delle persone fisiche.<\/p>\n<p style=\"text-align: justify;\">Il titolare del trattamento \u00e8 il MAECI il quale, con riferimento alle attivit\u00e0 istituzionali dell&#8217;IIC, opera per il tramite dell\u2019IIC.<\/p>\n<p style=\"text-align: justify;\">Per eventuali quesiti o reclami, l\u2019interessato pu\u00f2 contattare il Responsabile della Protezione dei Dati personali (RPD) del MAECI ai seguenti recapiti:<br \/>\nMinistero degli Affari Esteri e della Cooperazione internazionale<br \/>\nPiazzale della Farnesina 1<br \/>\n00135 Roma<br \/>\nItalia<br \/>\nTelefono: 0039 06 36911 (centralino)<br \/>\nPosta elettronica:\u00a0<a href=\"mailto:rpd@esteri.it\">rpd@esteri.it<br \/>\n<\/a>Pec:\u00a0<a href=\"mailto:rpd@cert.esteri.it\">rpd@cert.esteri.it<\/a><\/p>\n<p style=\"text-align: justify;\">I dati personali forniti dall&#8217;interessato saranno utilizzati in particolare per le finalit\u00e0 descritte nei seguenti paragrafi riguardo ai singoli servizi.<\/p>\n<p style=\"text-align: justify;\">Il trattamento dei dati forniti dall&#8217;interessato \u00e8 basato sul consenso. L\u2019eventuale rifiuto al conferimento dei dati non consentir\u00e0 all\u2019interessato di accedere al servizio.<\/p>\n<p style=\"text-align: justify;\">Fatto salvo quanto indicato nei seguenti paragrafi, il trattamento dei dati \u00e8 effettuato dal personale dell&#8217;IIC in modalit\u00e0 mista (manuale e automatizzata).<\/p>\n<p style=\"text-align: justify;\">L\u2019interessato pu\u00f2 chiedere l\u2019accesso ai propri dati personali e la loro rettifica. Fatte salve le conseguenze sull\u2019accesso al servizio, egli pu\u00f2 altres\u00ec chiedere la cancellazione di tali dati e la limitazione del trattamento o l\u2019opposizione al loro trattamento. In questi casi, l\u2019interessato dovr\u00e0 presentare apposita richiesta all\u2019IIC, indirizzata per conoscenza al RPD del MAECI.<\/p>\n<p style=\"text-align: justify;\">Se ritiene che i propri diritti siano stati violati, l\u2019interessato pu\u00f2 presentare un reclamo all\u2019RPD del MAECI (e\/o all\u2019RPD del Responsabile del trattamento). In alternativa, pu\u00f2 rivolgersi al Garante italiano per la Protezione dei Dati personali ai seguenti recapiti:<br \/>\nPiazza di Montecitorio 121<br \/>\n00186 Roma<br \/>\nTel. 0039 06 696771 (centralino)<br \/>\nPosta elettronica:\u00a0<a href=\"mailto:garante@gpdp.it\">garante@gpdp.it<br \/>\n<\/a>Pec:\u00a0<a href=\"mailto:protocollo@pec.gpdp.it\">protocollo@pec.gpdp.it<br \/>\n<\/a><a href=\"mailto:protocollo@pec.gpdp.it)\"><br \/>\n<\/a><\/p>\n<p style=\"text-align: justify;\"><strong>Proposte culturali<\/strong><\/p>\n<p style=\"text-align: justify;\">Al fine di valutare e realizzare iniziative culturali, l&#8217;Istituto Italiano di Cultura conserva le informazioni personali contenute nella singola proposta, e la comunicazione che la contiene.<\/p>\n<p style=\"text-align: justify;\"><strong>Candidature spontanee per tirocini<\/strong><\/p>\n<p style=\"text-align: justify;\">Considerate le disposizioni ministeriali in tema di\u00a0<a href=\"https:\/\/iiclondra.esteri.it\/iic_londra\/it\/opportunita\/tirocini\">tirocini<\/a>, le informazioni personali contenute nella singola candidatura, e la comunicazione che la contiene, sono cancellate dall&#8217;IIC subito dopo la loro ricezione.<\/p>\n<p style=\"text-align: justify;\"><strong><br \/>\nCandidature spontanee per assunzione e volontariato<\/strong><\/p>\n<p style=\"text-align: justify;\">Considerata la normativa su\u00a0<a href=\"https:\/\/iiclondra.esteri.it\/iic_londra\/it\/opportunita\/lavoro\">personale e\u00a0volontariato<\/a>,\u00a0le informazioni personali\u00a0contenute nella singola candidatura, e la comunicazione che la contiene, sono cancellate dall&#8217;IIC subito dopo la loro ricezione.<\/p>\n<p style=\"text-align: justify;\"><strong>Candidature spontanee per l\u2019insegnamento di lingua e cultura italiane<\/strong><\/p>\n<p style=\"text-align: justify;\">Considerato che l\u2019IIC affida a terzi la gestione dei propri corsi e che perci\u00f2 l\u2019IIC non ha nessun ruolo nel reclutamento dei relativi insegnanti n\u00e9 per ragioni d\u2019imparzialit\u00e0 pu\u00f2 inoltrare ai gestori di detti corsi le candidature all\u2019insegnamento pervenutegli da aspiranti docenti,\u00a0le informazioni personali contenute nella singola candidatura, e la comunicazione che la contiene, sono cancellate dall&#8217;IIC subito dopo la loro ricezione.<\/p>\n<p style=\"text-align: justify;\"><strong>Newsletter<\/strong><\/p>\n<p style=\"text-align: justify;\">Iscrivendoti al servizio di newsletter approvi che i tuoi dati personali siano immagazzinati e trattati dall&#8217;IIC al fine:<br \/>\na) d&#8217;inviarti informazioni riguardanti gli eventi dell&#8217;IIC;<br \/>\nb) d&#8217;inviarti informazioni riguardanti rilevanti iniziative relative alla cultura italiana;<br \/>\nc) d&#8217;inviarti inviti agli eventi dell&#8217;IIC.<br \/>\nPuoi cancellare la tua iscrizione al servizio di newsletter, e contestualmente porre fine al corrispondente trattamento dei tuoi dati personali, premendo il pulsante \u201cUnsubscribe\u201d di una qualunque delle newsletter dell&#8217;IIC o contattandoci all\u2019indirizzo\u00a0<a href=\"mailto:press@icilondon@esteri.it\">press@icilondon@esteri.it<\/a><br \/>\nIl servizio di invio di newsletter \u00e8 effettuato attraverso Sendinblue. Iscrivendoti alla newsletter, accetti che i tuoi dati personali siano trasferiti a Brevo e trattati da Brevo ai sensi delle relative <a href=\"https:\/\/www.sendinblue.com\/legal\/termsofuse\/\">condizioni di utilizzo<\/a>.<\/p>\n<p style=\"text-align: justify;\">\n<p style=\"text-align: justify;\"><strong>Iscrizione agli event<\/strong>i<\/p>\n<p style=\"text-align: justify;\">Il servizio di iscrizione agli eventi dell\u2019Istituto \u00e8 effettuato attraverso Billetto. Iscrivendoti agli eventi, accetti che i tuoi dati personali siano trasferiti a Billetto e trattati da Billetto ai sensi delle relative\u00a0<a href=\"https:\/\/billetto.it\/l\/legal-documents\">condizioni di utilizzo<\/a>.<\/p>\n<p style=\"text-align: justify;\">\u00c8 sempre comunque possibile iscriversi agli eventi scrivendo a\u00a0<a href=\"mailto:press.icilondon@esteri.it\">press.icilondon@esteri.it<\/a><\/p>\n<p style=\"text-align: justify;\">\n<p style=\"text-align: justify;\"><strong>Collegamenti a siti esterni<\/strong><\/p>\n<p style=\"text-align: justify;\">Il sito web dell&#8217;IIC contiene collegamenti a siti esterni non gestiti dall&#8217;IIC. Tali siti sono soggetti alle proprie condizioni d&#8217;uso e alle proprie politiche di trattamento dei dati personali, che possono essere regolate in modo diverso da quelle del sito dell&#8217;IIC. Le informazioni e le opinioni espresse nei siti esterni non riflettono necessariamente la posizione dell&#8217;IIC.<\/p>\n<p style=\"text-align: justify;\">\n","protected":false},"excerpt":{"rendered":"Politiche di trattamento dei dati personali dell&#8217;Istituto Italiano di Cultura di Londra (IIC) del Ministero degli Affari Esteri e della Cooperazione Internazionale (MAECI) Generalit\u00e0 Il trattamento dei dati personali effettuato dall\u2019IIC, quale Ufficio estero del MAECI, \u00e8 improntato ai principi di liceit\u00e0, correttezza e trasparenza a tutela dei diritti e delle libert\u00e0 fondamentali delle persone [&hellip;]","protected":false},"author":6,"featured_media":0,"parent":30,"menu_order":0,"comment_status":"closed","ping_status":"closed","template":"","meta":{"footnotes":""},"class_list":["post-322","page","type-page","status-publish","hentry"],"_links":{"self":[{"href":"https:\/\/iiclondra.esteri.it\/it\/wp-json\/wp\/v2\/pages\/322","targetHints":{"allow":["GET"]}}],"collection":[{"href":"https:\/\/iiclondra.esteri.it\/it\/wp-json\/wp\/v2\/pages"}],"about":[{"href":"https:\/\/iiclondra.esteri.it\/it\/wp-json\/wp\/v2\/types\/page"}],"author":[{"embeddable":true,"href":"https:\/\/iiclondra.esteri.it\/it\/wp-json\/wp\/v2\/users\/6"}],"replies":[{"embeddable":true,"href":"https:\/\/iiclondra.esteri.it\/it\/wp-json\/wp\/v2\/comments?post=322"}],"version-history":[{"count":0,"href":"https:\/\/iiclondra.esteri.it\/it\/wp-json\/wp\/v2\/pages\/322\/revisions"}],"up":[{"embeddable":true,"href":"https:\/\/iiclondra.esteri.it\/it\/wp-json\/wp\/v2\/pages\/30"}],"wp:attachment":[{"href":"https:\/\/iiclondra.esteri.it\/it\/wp-json\/wp\/v2\/media?parent=322"}],"curies":[{"name":"wp","href":"https:\/\/api.w.org\/{rel}","templated":true}]}}