{"id":71,"date":"2023-03-08T18:09:24","date_gmt":"2023-03-08T17:09:24","guid":{"rendered":"https:\/\/iiclondra.esteri.it\/?page_id=71"},"modified":"2023-04-19T14:25:04","modified_gmt":"2023-04-19T12:25:04","slug":"la-sede","status":"publish","type":"page","link":"https:\/\/iiclondra.esteri.it\/it\/chi-siamo\/la-sede\/","title":{"rendered":"La Sede"},"content":{"rendered":"<p style=\"text-align: justify;\">Al centro di una delle zone pi\u00f9 eleganti e alla moda del tardo georgiano Belgrave Square\u00a0\u00e8 stata progettata a partire dal 1825 da un consorzio di banchieri svizzeri, fra cui uno dei governatori della Banca d\u2019Inghilterra, il costruttore Thomas Cubitt e l\u2019architetto George Basevi.<br \/>\nFin da subito Belgrave Square\u00a0\u00e8 stata destinata ai membri dei ranghi pi\u00f9 alti ed esclusivi della societ\u00e0 ai quali\u00a0\u00e8 stata offerta una piazza dall\u2019aspetto lussuoso (che copre 10 acri) circondata da palazzi eleganti. Il lato nord e quello est sono stati costruiti per primi, seguiti pi\u00f9 tardi dai pi\u00f9 esuberanti lati ovest e sud, realizzati quando ormai era chiaro che la nuova piazza avrebbe costituito una fonte di guadagno per il proprietario, il Conte Grosvenor diventato poi il primo Marchese di Westminster, la cui famiglia possiede tuttora il terreno.<br \/>\nLa piazza prende il nome da uno dei titoli secondari del Conte, che a sua vlta deriva da un villaggio nel Leicestershire. Dopo 175 anni tutte e quattro le file di palazzi si trovano nelle loro posizioni originarie e la piazza si presenta molto simile a com\u2019era quando\u00a0\u00e8 stata completata nel 1830.<\/p>\n<p style=\"text-align: justify;\">Le finestre, i portici e gli attici delle grandi case a quattro piani ornate da stucchi sono stati pensati leggermente diversi fra di loro, cosi da creare un piacevole effetto visivo che evita la monotonia. Le case, leggermente pi\u00f9 grandi, che si trovano ai quattro angoli della piazza sono anch\u2019esse progettate da quattro architetti diversi, tuttavia le dimensioni della piazza fanno s\u00ec che non si vedano mai tutte insieme.<\/p>\n<p style=\"text-align: justify;\">Ad eccezione di alcuni piccoli dettagli, la disposizione delle stanze all\u2019interno dei palazzi di Belgrave Square segue un modello uniforme, rintracciabile anche al numero 39. Il grande salone al primo piano per gli spettacoli e gli eventi, l\u2019ingresso e lo scalone per l\u2019accoglienza degli ospiti, il tutto circondato sopra e sotto da spazio in abbondanza per il personale di servizio.<\/p>\n<p style=\"text-align: justify;\">Nel periodo vittoriano la casa\u00a0\u00e8 stata la residenza di citt\u00e0 del Conte di Albermarle. Come la maggior parte dei palazzi di Belgrave Square, ora sedi di ambasciate, istituzioni culturali o societa\u2019, la sua funzione di domicilio privato\u00a0\u00e8 terminata ai tempi della Seconda Guerra Mondiale.<\/p>\n<p style=\"text-align: justify;\">L\u2019architetto Basevi, che si distinse nel tardo georgiano, si form\u00f2 presso lo studio di Sir John Soane ed\u00a0\u00e8 tuttora famoso grazie alla sua parentela con Disraeli e per aver progettato il Fitzwilliam Museum a Cambridge. Mor\u00ec nel 1845 cadendo dalla torre della Cattedrale di Ely. Belgrave Square fu uno dei suoi primi lavori.<\/p>\n","protected":false},"excerpt":{"rendered":"Al centro di una delle zone pi\u00f9 eleganti e alla moda del tardo georgiano Belgrave Square\u00a0\u00e8 stata progettata a partire dal 1825 da un consorzio di banchieri svizzeri, fra cui uno dei governatori della Banca d\u2019Inghilterra, il costruttore Thomas Cubitt e l\u2019architetto George Basevi. Fin da subito Belgrave Square\u00a0\u00e8 stata destinata ai membri dei ranghi [&hellip;]","protected":false},"author":3,"featured_media":0,"parent":19,"menu_order":4,"comment_status":"closed","ping_status":"closed","template":"","meta":{"footnotes":""},"class_list":["post-71","page","type-page","status-publish","hentry"],"_links":{"self":[{"href":"https:\/\/iiclondra.esteri.it\/it\/wp-json\/wp\/v2\/pages\/71","targetHints":{"allow":["GET"]}}],"collection":[{"href":"https:\/\/iiclondra.esteri.it\/it\/wp-json\/wp\/v2\/pages"}],"about":[{"href":"https:\/\/iiclondra.esteri.it\/it\/wp-json\/wp\/v2\/types\/page"}],"author":[{"embeddable":true,"href":"https:\/\/iiclondra.esteri.it\/it\/wp-json\/wp\/v2\/users\/3"}],"replies":[{"embeddable":true,"href":"https:\/\/iiclondra.esteri.it\/it\/wp-json\/wp\/v2\/comments?post=71"}],"version-history":[{"count":0,"href":"https:\/\/iiclondra.esteri.it\/it\/wp-json\/wp\/v2\/pages\/71\/revisions"}],"up":[{"embeddable":true,"href":"https:\/\/iiclondra.esteri.it\/it\/wp-json\/wp\/v2\/pages\/19"}],"wp:attachment":[{"href":"https:\/\/iiclondra.esteri.it\/it\/wp-json\/wp\/v2\/media?parent=71"}],"curies":[{"name":"wp","href":"https:\/\/api.w.org\/{rel}","templated":true}]}}