{"id":8985,"date":"2024-09-10T15:53:31","date_gmt":"2024-09-10T13:53:31","guid":{"rendered":"https:\/\/iiclondra.esteri.it\/?page_id=8985"},"modified":"2025-09-08T16:15:13","modified_gmt":"2025-09-08T14:15:13","slug":"membership","status":"publish","type":"page","link":"https:\/\/iiclondra.esteri.it\/it\/lingua-e-cultura\/biblioteca\/membership\/","title":{"rendered":"Membership"},"content":{"rendered":"<p><strong>ATTENZIONE: Biblioteca Montale \u2013 Chiusa per trasferimento<\/strong><\/p>\n<p>La Biblioteca E. Montale \u00e8 chiusa per trasferimento. Ci scusiamo per eventuali disagi e vi ringraziamo per la preziosa collaborazione.<\/p>\n<p>Vi invitiamo a consultare regolarmente il nostro sito web per aggiornamenti e ulteriori novit\u00e0.<\/p>\n<p>&#8211;<\/p>\n<p>I soci dell\u2019<strong>Istituto Italiano di Cultura <\/strong>godono dei seguenti vantaggi:<\/p>\n<ul>\n<li>Accesso gratuito a <a href=\"https:\/\/iiclondra.medialibrary.it\/home\/index.aspx\">MLOL online library<\/a> (quotidiani italiani e stranieri, e-books e audio libri);<\/li>\n<li><em>Pregasi notare che il Prestito gratuito di libri e contenuti audio\/video italiani \u00e8 momentaneamente sospeso e riprender\u00e0 una volta che il trasferimento sar\u00e0 concluso.<\/em><\/li>\n<\/ul>\n<p><strong>Costi della membership: <\/strong>\u00a330.00<\/p>\n<p>La membership ha validit\u00e0 di un anno.<\/p>\n<p><strong>Come iscriversi<\/strong><\/p>\n<ol>\n<li>Scarica il modulo <a href=\"https:\/\/iiclondra.esteri.it\/wp-content\/uploads\/2025\/09\/A.-MEMBERSHIP-FORM-1-1.docx\" target=\"_blank\" rel=\"noopener\">A. MEMBERSHIP FORM<\/a><\/li>\n<li>Scarica il modulo sulla privacy <a href=\"https:\/\/iiclondra.esteri.it\/wp-content\/uploads\/2024\/09\/B.-PRIVACY-NOTICE-1.docx\">B. PRIVACY NOTICE<\/a><\/li>\n<li>Invia a <a href=\"library.icilondon@esteri.it\">library.icilondon@esteri.it<\/a> il Membership form, il modulo sulla privacy (compilati, datati e firmati), una prova d\u2019indirizzo e una copia del documento di identit\u00e0<\/li>\n<li>Riceverai istruzioni pe effettuare il pagamento sul nostro conto corrente bancario<\/li>\n<li>Attendi una mail di conferma con le credenziali di accesso a MLOL<\/li>\n<\/ol>\n","protected":false},"excerpt":{"rendered":"ATTENZIONE: Biblioteca Montale \u2013 Chiusa per trasferimento La Biblioteca E. Montale \u00e8 chiusa per trasferimento. Ci scusiamo per eventuali disagi e vi ringraziamo per la preziosa collaborazione. Vi invitiamo a consultare regolarmente il nostro sito web per aggiornamenti e ulteriori novit\u00e0. &#8211; I soci dell\u2019Istituto Italiano di Cultura godono dei seguenti vantaggi: Accesso gratuito a [&hellip;]","protected":false},"author":5,"featured_media":0,"parent":81,"menu_order":2,"comment_status":"closed","ping_status":"closed","template":"","meta":{"footnotes":""},"class_list":["post-8985","page","type-page","status-publish","hentry"],"_links":{"self":[{"href":"https:\/\/iiclondra.esteri.it\/it\/wp-json\/wp\/v2\/pages\/8985","targetHints":{"allow":["GET"]}}],"collection":[{"href":"https:\/\/iiclondra.esteri.it\/it\/wp-json\/wp\/v2\/pages"}],"about":[{"href":"https:\/\/iiclondra.esteri.it\/it\/wp-json\/wp\/v2\/types\/page"}],"author":[{"embeddable":true,"href":"https:\/\/iiclondra.esteri.it\/it\/wp-json\/wp\/v2\/users\/5"}],"replies":[{"embeddable":true,"href":"https:\/\/iiclondra.esteri.it\/it\/wp-json\/wp\/v2\/comments?post=8985"}],"version-history":[{"count":6,"href":"https:\/\/iiclondra.esteri.it\/it\/wp-json\/wp\/v2\/pages\/8985\/revisions"}],"predecessor-version":[{"id":17416,"href":"https:\/\/iiclondra.esteri.it\/it\/wp-json\/wp\/v2\/pages\/8985\/revisions\/17416"}],"up":[{"embeddable":true,"href":"https:\/\/iiclondra.esteri.it\/it\/wp-json\/wp\/v2\/pages\/81"}],"wp:attachment":[{"href":"https:\/\/iiclondra.esteri.it\/it\/wp-json\/wp\/v2\/media?parent=8985"}],"curies":[{"name":"wp","href":"https:\/\/api.w.org\/{rel}","templated":true}]}}